{"id":47,"date":"2020-03-15T18:01:25","date_gmt":"2020-03-15T18:01:25","guid":{"rendered":"http:\/\/www.ecosynergy.godlew.pl\/?page_id=47"},"modified":"2026-03-06T12:19:38","modified_gmt":"2026-03-06T12:19:38","slug":"elementor-47","status":"publish","type":"page","link":"https:\/\/www.ecosynergy.godlew.pl\/","title":{"rendered":"Energia dla Twojego Biznesu"},"content":{"rendered":"\t\t<div data-elementor-type=\"wp-post\" data-elementor-id=\"47\" class=\"elementor elementor-47\">\n\t\t\t\t\t\t<div class=\"elementor-inner\">\n\t\t\t\t<div class=\"elementor-section-wrap\">\n\t\t\t\t\t\t\t\t\t<section class=\"elementor-section elementor-top-section elementor-element elementor-element-6c8ae50 elementor-section-boxed elementor-section-height-default elementor-section-height-default\" data-id=\"6c8ae50\" data-element_type=\"section\">\n\t\t\t\t\t\t<div class=\"elementor-container elementor-column-gap-default\">\n\t\t\t\t\t\t\t<div class=\"elementor-row\">\n\t\t\t\t\t<div class=\"elementor-column elementor-col-100 elementor-top-column elementor-element elementor-element-f492773\" data-id=\"f492773\" data-element_type=\"column\">\n\t\t\t<div class=\"elementor-column-wrap elementor-element-populated\">\n\t\t\t\t\t\t\t<div class=\"elementor-widget-wrap\">\n\t\t\t\t\t\t\t\t<\/div>\n\t\t\t\t\t<\/div>\n\t\t<\/div>\n\t\t\t\t\t\t\t\t<\/div>\n\t\t\t\t\t<\/div>\n\t\t<\/section>\n\t\t\t\t<section class=\"elementor-section elementor-top-section elementor-element elementor-element-f03c583 elementor-section-boxed elementor-section-height-default elementor-section-height-default\" data-id=\"f03c583\" data-element_type=\"section\">\n\t\t\t\t\t\t<div class=\"elementor-container elementor-column-gap-default\">\n\t\t\t\t\t\t\t<div class=\"elementor-row\">\n\t\t\t\t\t<div class=\"elementor-column elementor-col-33 elementor-top-column elementor-element elementor-element-c03f1b1\" data-id=\"c03f1b1\" data-element_type=\"column\">\n\t\t\t<div class=\"elementor-column-wrap elementor-element-populated\">\n\t\t\t\t\t\t\t<div class=\"elementor-widget-wrap\">\n\t\t\t\t\t\t<div class=\"elementor-element elementor-element-e469db4 elementor-widget elementor-widget-heading\" data-id=\"e469db4\" data-element_type=\"widget\" data-widget_type=\"heading.default\">\n\t\t\t\t<div class=\"elementor-widget-container\">\n\t\t\t<h2 class=\"elementor-heading-title elementor-size-default\"><span style=\"font-family:Verdana,Verdana,Geneva,sans-serif;\">CONSULTING<\/span><\/h2>\t\t<\/div>\n\t\t\t\t<\/div>\n\t\t\t\t\t\t<\/div>\n\t\t\t\t\t<\/div>\n\t\t<\/div>\n\t\t\t\t<div class=\"elementor-column elementor-col-33 elementor-top-column elementor-element elementor-element-b5bbcb5\" data-id=\"b5bbcb5\" data-element_type=\"column\">\n\t\t\t<div class=\"elementor-column-wrap elementor-element-populated\">\n\t\t\t\t\t\t\t<div class=\"elementor-widget-wrap\">\n\t\t\t\t\t\t<div class=\"elementor-element elementor-element-c1d1aff elementor-widget elementor-widget-heading\" data-id=\"c1d1aff\" data-element_type=\"widget\" data-widget_type=\"heading.default\">\n\t\t\t\t<div class=\"elementor-widget-container\">\n\t\t\t<h2 class=\"elementor-heading-title elementor-size-default\"><strong>FUNDACJA<\/strong><\/h2>\t\t<\/div>\n\t\t\t\t<\/div>\n\t\t\t\t\t\t<\/div>\n\t\t\t\t\t<\/div>\n\t\t<\/div>\n\t\t\t\t<div class=\"elementor-column elementor-col-33 elementor-top-column elementor-element elementor-element-6cc9905\" data-id=\"6cc9905\" data-element_type=\"column\">\n\t\t\t<div class=\"elementor-column-wrap elementor-element-populated\">\n\t\t\t\t\t\t\t<div class=\"elementor-widget-wrap\">\n\t\t\t\t\t\t<div class=\"elementor-element elementor-element-d04a91c elementor-widget elementor-widget-heading\" data-id=\"d04a91c\" data-element_type=\"widget\" data-widget_type=\"heading.default\">\n\t\t\t\t<div class=\"elementor-widget-container\">\n\t\t\t<h2 class=\"elementor-heading-title elementor-size-default\"><strong>US\u0141UGI<\/strong><\/h2>\t\t<\/div>\n\t\t\t\t<\/div>\n\t\t\t\t\t\t<\/div>\n\t\t\t\t\t<\/div>\n\t\t<\/div>\n\t\t\t\t\t\t\t\t<\/div>\n\t\t\t\t\t<\/div>\n\t\t<\/section>\n\t\t\t\t<section class=\"elementor-section elementor-top-section elementor-element elementor-element-0a18e51 elementor-section-boxed elementor-section-height-default elementor-section-height-default\" data-id=\"0a18e51\" data-element_type=\"section\">\n\t\t\t\t\t\t<div class=\"elementor-container elementor-column-gap-default\">\n\t\t\t\t\t\t\t<div class=\"elementor-row\">\n\t\t\t\t\t<div class=\"elementor-column elementor-col-33 elementor-top-column elementor-element elementor-element-2feee91\" data-id=\"2feee91\" data-element_type=\"column\">\n\t\t\t<div class=\"elementor-column-wrap elementor-element-populated\">\n\t\t\t\t\t\t\t<div class=\"elementor-widget-wrap\">\n\t\t\t\t\t\t<div class=\"elementor-element elementor-element-a898403 elementor-widget elementor-widget-text-editor\" data-id=\"a898403\" data-element_type=\"widget\" data-widget_type=\"text-editor.default\">\n\t\t\t\t<div class=\"elementor-widget-container\">\n\t\t\t\t\t\t\t\t<div class=\"elementor-text-editor elementor-clearfix\">\n\t\t\t\t<p><span style=\"text-decoration: underline;\"><i><b>Doradzamy<\/b><\/i><i><b> w zakresie:<\/b><\/i><\/span><\/p><p>Strategicznego zarz\u0105dzania operacjami i skalowania organizacji<\/p><p>Zarz\u0105dzania programami technologicznymi i infrastrukturalnymi<br data-start=\"851\" data-end=\"854\" \/>Industrializacji produkt\u00f3w i platform technologicznych<br data-start=\"912\" data-end=\"915\" \/>Strategicznego sourcingu i zarz\u0105dzania \u0142a\u0144cuchem dostaw<\/p><p><span style=\"text-decoration: underline;\"><span style=\"font-size: inherit;\"><b><i>Pomagali\u015bmy organizacjom:<\/i><\/b><\/span><\/span><\/p><p data-start=\"1003\" data-end=\"1250\">Budowa\u0107 strategie dzia\u0142ania w warunkach kryzysowych<br data-start=\"1058\" data-end=\"1061\" \/>Optymalizowa\u0107 zasoby i struktury operacyjne<br data-start=\"1108\" data-end=\"1111\" \/>Redukowa\u0107 koszty poprzez in\u017cynieri\u0119 warto\u015bci i optymalizacj\u0119 BOM<br data-start=\"1179\" data-end=\"1182\" \/>Identyfikowa\u0107 i zarz\u0105dza\u0107 ryzykiem operacyjnym i technologicznym<\/p>\t\t\t\t\t<\/div>\n\t\t\t\t\t\t<\/div>\n\t\t\t\t<\/div>\n\t\t\t\t\t\t<\/div>\n\t\t\t\t\t<\/div>\n\t\t<\/div>\n\t\t\t\t<div class=\"elementor-column elementor-col-33 elementor-top-column elementor-element elementor-element-b5fd5af\" data-id=\"b5fd5af\" data-element_type=\"column\">\n\t\t\t<div class=\"elementor-column-wrap elementor-element-populated\">\n\t\t\t\t\t\t\t<div class=\"elementor-widget-wrap\">\n\t\t\t\t\t\t<div class=\"elementor-element elementor-element-5e5c48f elementor-widget elementor-widget-text-editor\" data-id=\"5e5c48f\" data-element_type=\"widget\" data-widget_type=\"text-editor.default\">\n\t\t\t\t<div class=\"elementor-widget-container\">\n\t\t\t\t\t\t\t\t<div class=\"elementor-text-editor elementor-clearfix\">\n\t\t\t\t<h3 data-start=\"42\" data-end=\"76\"><span style=\"text-decoration: underline;\"><em><strong>Badania i edukacja w obszarze:<\/strong><\/em><\/span><\/h3><ul data-start=\"77\" data-end=\"316\"><li data-start=\"77\" data-end=\"93\"><p data-start=\"79\" data-end=\"93\">e-mobility<\/p><\/li><li data-start=\"94\" data-end=\"141\"><p data-start=\"96\" data-end=\"141\">technologii wodorowych i ogniw paliwowych<\/p><\/li><li data-start=\"142\" data-end=\"192\"><p data-start=\"144\" data-end=\"192\">system\u00f3w bateryjnych i magazynowania energii<\/p><\/li><li data-start=\"193\" data-end=\"249\"><p data-start=\"195\" data-end=\"249\">budownictwa pasywnego i efektywno\u015bci energetycznej<\/p><\/li><li data-start=\"250\" data-end=\"276\"><p data-start=\"252\" data-end=\"276\">energetyki wiatrowej<\/p><\/li><li data-start=\"277\" data-end=\"316\"><p data-start=\"279\" data-end=\"316\">ekologii i zr\u00f3wnowa\u017conego rozwoju<\/p><\/li><\/ul>\t\t\t\t\t<\/div>\n\t\t\t\t\t\t<\/div>\n\t\t\t\t<\/div>\n\t\t\t\t\t\t<\/div>\n\t\t\t\t\t<\/div>\n\t\t<\/div>\n\t\t\t\t<div class=\"elementor-column elementor-col-33 elementor-top-column elementor-element elementor-element-0b3ff4c\" data-id=\"0b3ff4c\" data-element_type=\"column\">\n\t\t\t<div class=\"elementor-column-wrap elementor-element-populated\">\n\t\t\t\t\t\t\t<div class=\"elementor-widget-wrap\">\n\t\t\t\t\t\t<div class=\"elementor-element elementor-element-d79d26e elementor-widget elementor-widget-text-editor\" data-id=\"d79d26e\" data-element_type=\"widget\" data-widget_type=\"text-editor.default\">\n\t\t\t\t<div class=\"elementor-widget-container\">\n\t\t\t\t\t\t\t\t<div class=\"elementor-text-editor elementor-clearfix\">\n\t\t\t\t<h3 data-start=\"78\" data-end=\"111\"><span style=\"text-decoration: underline;\"><em><strong>Monta\u017c, serwis i dystrybucja:<\/strong><\/em><\/span><\/h3><ul data-start=\"112\" data-end=\"345\"><li data-start=\"112\" data-end=\"129\"><p data-start=\"114\" data-end=\"129\">pomp ciep\u0142a i system\u00f3w grzewczych<\/p><\/li><li data-start=\"130\" data-end=\"175\"><p data-start=\"132\" data-end=\"175\">stacji \u0142adowania pojazd\u00f3w elektrycznych<\/p><\/li><li data-start=\"176\" data-end=\"199\"><p data-start=\"178\" data-end=\"199\">magazyn\u00f3w energii<\/p><\/li><li data-start=\"200\" data-end=\"233\"><p data-start=\"202\" data-end=\"233\"><span style=\"font-size: inherit;\">farm i\u00a0<\/span>instalacji fotowoltaicznych<\/p><\/li><li data-start=\"234\" data-end=\"261\"><p data-start=\"236\" data-end=\"261\"><span style=\"font-size: inherit;\">prac ziemnych i przygotowania terenu<\/span><\/p><\/li><li data-start=\"305\" data-end=\"345\"><p data-start=\"307\" data-end=\"345\">us\u0142ug serwisowych i utrzymaniowych<\/p><\/li><\/ul>\t\t\t\t\t<\/div>\n\t\t\t\t\t\t<\/div>\n\t\t\t\t<\/div>\n\t\t\t\t\t\t<\/div>\n\t\t\t\t\t<\/div>\n\t\t<\/div>\n\t\t\t\t\t\t\t\t<\/div>\n\t\t\t\t\t<\/div>\n\t\t<\/section>\n\t\t\t\t<section class=\"elementor-section elementor-top-section elementor-element elementor-element-f433cf9 elementor-section-stretched elementor-section-content-middle elementor-section-boxed elementor-section-height-default elementor-section-height-default\" data-id=\"f433cf9\" data-element_type=\"section\" data-settings=\"{&quot;stretch_section&quot;:&quot;section-stretched&quot;,&quot;animation&quot;:&quot;none&quot;}\">\n\t\t\t\t\t\t<div class=\"elementor-container elementor-column-gap-wide\">\n\t\t\t\t\t\t\t<div class=\"elementor-row\">\n\t\t\t\t\t<div class=\"elementor-column elementor-col-33 elementor-top-column elementor-element elementor-element-afd19ee\" data-id=\"afd19ee\" data-element_type=\"column\">\n\t\t\t<div class=\"elementor-column-wrap elementor-element-populated\">\n\t\t\t\t\t\t\t<div class=\"elementor-widget-wrap\">\n\t\t\t\t\t\t<div class=\"elementor-element elementor-element-95b274f elementor-widget elementor-widget-image\" data-id=\"95b274f\" data-element_type=\"widget\" data-settings=\"{&quot;_animation&quot;:&quot;none&quot;}\" data-widget_type=\"image.default\">\n\t\t\t\t<div class=\"elementor-widget-container\">\n\t\t\t\t\t\t\t\t<div class=\"elementor-image\">\n\t\t\t\t\t\t\t\t\t\t\t\t<img width=\"626\" height=\"379\" src=\"https:\/\/www.ecosynergy.godlew.pl\/wp-content\/uploads\/2020\/03\/greenenergy-e1584296841505.jpg\" class=\"attachment-full size-full\" alt=\"\" loading=\"lazy\" \/>\t\t\t\t\t\t\t\t\t\t\t\t\t\t<\/div>\n\t\t\t\t\t\t<\/div>\n\t\t\t\t<\/div>\n\t\t\t\t\t\t<\/div>\n\t\t\t\t\t<\/div>\n\t\t<\/div>\n\t\t\t\t<div class=\"elementor-column elementor-col-33 elementor-top-column elementor-element elementor-element-733a1d3\" data-id=\"733a1d3\" data-element_type=\"column\">\n\t\t\t<div class=\"elementor-column-wrap elementor-element-populated\">\n\t\t\t\t\t\t\t<div class=\"elementor-widget-wrap\">\n\t\t\t\t\t\t<div class=\"elementor-element elementor-element-d98fcd3 elementor-widget elementor-widget-image\" data-id=\"d98fcd3\" data-element_type=\"widget\" data-settings=\"{&quot;_animation&quot;:&quot;none&quot;}\" data-widget_type=\"image.default\">\n\t\t\t\t<div class=\"elementor-widget-container\">\n\t\t\t\t\t\t\t\t<div class=\"elementor-image\">\n\t\t\t\t\t\t\t\t\t\t\t\t<img width=\"250\" height=\"120\" src=\"https:\/\/www.ecosynergy.godlew.pl\/wp-content\/uploads\/2020\/03\/Capture-250x120.png\" class=\"attachment-custom size-custom\" alt=\"\" loading=\"lazy\" srcset=\"https:\/\/www.ecosynergy.godlew.pl\/wp-content\/uploads\/2020\/03\/Capture-250x120.png 250w, https:\/\/www.ecosynergy.godlew.pl\/wp-content\/uploads\/2020\/03\/Capture-300x143.png 300w, https:\/\/www.ecosynergy.godlew.pl\/wp-content\/uploads\/2020\/03\/Capture-1024x490.png 1024w, https:\/\/www.ecosynergy.godlew.pl\/wp-content\/uploads\/2020\/03\/Capture-768x367.png 768w, https:\/\/www.ecosynergy.godlew.pl\/wp-content\/uploads\/2020\/03\/Capture-150x72.png 150w, https:\/\/www.ecosynergy.godlew.pl\/wp-content\/uploads\/2020\/03\/Capture.png 1152w\" sizes=\"(max-width: 250px) 100vw, 250px\" \/>\t\t\t\t\t\t\t\t\t\t\t\t\t\t<\/div>\n\t\t\t\t\t\t<\/div>\n\t\t\t\t<\/div>\n\t\t\t\t<div class=\"elementor-element elementor-element-0e7b786 elementor-button-info elementor-widget elementor-widget-button\" data-id=\"0e7b786\" data-element_type=\"widget\" data-widget_type=\"button.default\">\n\t\t\t\t<div class=\"elementor-widget-container\">\n\t\t\t\t\t<div class=\"elementor-button-wrapper\">\n\t\t\t<a href=\"http:\/\/www.fundacja.godlew.pl\" class=\"elementor-button-link elementor-button elementor-size-sm\" role=\"button\">\n\t\t\t\t\t\t<span class=\"elementor-button-content-wrapper\">\n\t\t\t\t\t\t\t<span class=\"elementor-button-icon elementor-align-icon-left\">\n\t\t\t\t<i aria-hidden=\"true\" class=\"fas fa-arrow-circle-right\"><\/i>\t\t\t<\/span>\n\t\t\t\t\t\t<span class=\"elementor-button-text\">do Fundacji\u200b<\/span>\n\t\t<\/span>\n\t\t\t\t\t<\/a>\n\t\t<\/div>\n\t\t\t\t<\/div>\n\t\t\t\t<\/div>\n\t\t\t\t\t\t<\/div>\n\t\t\t\t\t<\/div>\n\t\t<\/div>\n\t\t\t\t<div class=\"elementor-column elementor-col-33 elementor-top-column elementor-element elementor-element-28cc172\" data-id=\"28cc172\" data-element_type=\"column\">\n\t\t\t<div class=\"elementor-column-wrap elementor-element-populated\">\n\t\t\t\t\t\t\t<div class=\"elementor-widget-wrap\">\n\t\t\t\t\t\t<div class=\"elementor-element elementor-element-8e468c5 elementor-widget elementor-widget-image\" data-id=\"8e468c5\" data-element_type=\"widget\" data-settings=\"{&quot;_animation&quot;:&quot;none&quot;}\" data-widget_type=\"image.default\">\n\t\t\t\t<div class=\"elementor-widget-container\">\n\t\t\t\t\t\t\t\t<div class=\"elementor-image\">\n\t\t\t\t\t\t\t\t\t\t\t\t<img width=\"626\" height=\"417\" src=\"https:\/\/www.ecosynergy.godlew.pl\/wp-content\/uploads\/2020\/03\/solar2-1.jpg\" class=\"attachment-full size-full\" alt=\"\" loading=\"lazy\" srcset=\"https:\/\/www.ecosynergy.godlew.pl\/wp-content\/uploads\/2020\/03\/solar2-1.jpg 626w, https:\/\/www.ecosynergy.godlew.pl\/wp-content\/uploads\/2020\/03\/solar2-1-300x200.jpg 300w, https:\/\/www.ecosynergy.godlew.pl\/wp-content\/uploads\/2020\/03\/solar2-1-150x100.jpg 150w, https:\/\/www.ecosynergy.godlew.pl\/wp-content\/uploads\/2020\/03\/solar2-1-225x150.jpg 225w\" sizes=\"(max-width: 626px) 100vw, 626px\" \/>\t\t\t\t\t\t\t\t\t\t\t\t\t\t<\/div>\n\t\t\t\t\t\t<\/div>\n\t\t\t\t<\/div>\n\t\t\t\t\t\t<\/div>\n\t\t\t\t\t<\/div>\n\t\t<\/div>\n\t\t\t\t\t\t\t\t<\/div>\n\t\t\t\t\t<\/div>\n\t\t<\/section>\n\t\t\t\t<section class=\"elementor-section elementor-top-section elementor-element elementor-element-273c454 elementor-section-boxed elementor-section-height-default elementor-section-height-default\" data-id=\"273c454\" data-element_type=\"section\">\n\t\t\t\t\t\t<div class=\"elementor-container elementor-column-gap-default\">\n\t\t\t\t\t\t\t<div class=\"elementor-row\">\n\t\t\t\t\t<div class=\"elementor-column elementor-col-100 elementor-top-column elementor-element elementor-element-4a61fed\" data-id=\"4a61fed\" data-element_type=\"column\">\n\t\t\t<div class=\"elementor-column-wrap elementor-element-populated\">\n\t\t\t\t\t\t\t<div class=\"elementor-widget-wrap\">\n\t\t\t\t\t\t<div class=\"elementor-element elementor-element-afcf814 elementor-widget elementor-widget-text-editor\" data-id=\"afcf814\" data-element_type=\"widget\" data-widget_type=\"text-editor.default\">\n\t\t\t\t<div class=\"elementor-widget-container\">\n\t\t\t\t\t\t\t\t<div class=\"elementor-text-editor elementor-clearfix\">\n\t\t\t\t<p data-start=\"1368\" data-end=\"1403\"><span style=\"font-size: 20px;\"><strong data-start=\"1368\" data-end=\"1403\">KOMUNIKAT ZARZ\u0104DU<\/strong><\/span><\/p><p data-start=\"1405\" data-end=\"1724\"><span style=\"font-size: 20px;\">Z satysfakcj\u0105 informujemy, \u017ce z dniem <strong data-start=\"1443\" data-end=\"1548\">31.12.2025 projekt technologiczny Eco Synergy zosta\u0142 sfinalizowany poprzez transakcj\u0119 typu Asset Deal<\/strong>.<\/span><br data-start=\"1549\" data-end=\"1552\" \/><span style=\"font-size: 20px;\">Transakcja obj\u0119\u0142a transfer wypracowanej w\u0142asno\u015bci intelektualnej (IP), autorskich technologii sterowania oraz wybranych aktyw\u00f3w operacyjnych do struktur nowego w\u0142a\u015bciciela.<\/span><\/p><p data-start=\"1726\" data-end=\"1968\"><span style=\"font-size: 20px;\">Jako fundator i lider projektu dzi\u0119kuj\u0119 naszym partnerom biznesowym, klientom oraz ca\u0142emu zespo\u0142owi in\u017cynieryjnemu za lata wsp\u00f3lnej pracy, kt\u00f3ra pozwoli\u0142a przekszta\u0142ci\u0107 innowacyjn\u0105 koncepcj\u0119 w gotowy produkt rynkowy o realnej skali wdro\u017cenia.<\/span><\/p><p data-start=\"1970\" data-end=\"2006\"><span style=\"font-size: 20px;\"><strong data-start=\"1970\" data-end=\"1990\">Marcin Godlewski<\/strong><\/span><br data-start=\"1990\" data-end=\"1993\" \/><span style=\"font-size: 20px;\">Founder &amp; CEO<\/span><\/p>\t\t\t\t\t<\/div>\n\t\t\t\t\t\t<\/div>\n\t\t\t\t<\/div>\n\t\t\t\t\t\t<\/div>\n\t\t\t\t\t<\/div>\n\t\t<\/div>\n\t\t\t\t\t\t\t\t<\/div>\n\t\t\t\t\t<\/div>\n\t\t<\/section>\n\t\t\t\t\t\t\t\t\t<\/div>\n\t\t\t<\/div>\n\t\t\t\t\t<\/div>\n\t\t","protected":false},"excerpt":{"rendered":"<p>CONSULTING FUNDACJA US\u0141UGI Doradzamy w zakresie: Strategicznego zarz\u0105dzania operacjami i skalowania organizacji Zarz\u0105dzania programami technologicznymi i infrastrukturalnymiIndustrializacji produkt\u00f3w i platform technologicznychStrategicznego sourcingu i zarz\u0105dzania \u0142a\u0144cuchem dostaw Pomagali\u015bmy organizacjom: Budowa\u0107 strategie dzia\u0142ania w warunkach kryzysowychOptymalizowa\u0107 zasoby i struktury operacyjneRedukowa\u0107 koszty poprzez in\u017cynieri\u0119 warto\u015bci i optymalizacj\u0119 BOMIdentyfikowa\u0107 i zarz\u0105dza\u0107 ryzykiem operacyjnym i&#8230; <a class=\"continue-reading-link\" href=\"https:\/\/www.ecosynergy.godlew.pl\/\"> Continue reading <span class=\"meta-nav\">&rarr; <\/span><\/a><\/p>\n","protected":false},"author":1,"featured_media":0,"parent":0,"menu_order":0,"comment_status":"closed","ping_status":"closed","template":"elementor_header_footer","meta":{"_bbp_topic_count":0,"_bbp_reply_count":0,"_bbp_total_topic_count":0,"_bbp_total_reply_count":0,"_bbp_voice_count":0,"_bbp_anonymous_reply_count":0,"_bbp_topic_count_hidden":0,"_bbp_reply_count_hidden":0,"_bbp_forum_subforum_count":0},"_links":{"self":[{"href":"https:\/\/www.ecosynergy.godlew.pl\/index.php\/wp-json\/wp\/v2\/pages\/47"}],"collection":[{"href":"https:\/\/www.ecosynergy.godlew.pl\/index.php\/wp-json\/wp\/v2\/pages"}],"about":[{"href":"https:\/\/www.ecosynergy.godlew.pl\/index.php\/wp-json\/wp\/v2\/types\/page"}],"author":[{"embeddable":true,"href":"https:\/\/www.ecosynergy.godlew.pl\/index.php\/wp-json\/wp\/v2\/users\/1"}],"replies":[{"embeddable":true,"href":"https:\/\/www.ecosynergy.godlew.pl\/index.php\/wp-json\/wp\/v2\/comments?post=47"}],"version-history":[{"count":81,"href":"https:\/\/www.ecosynergy.godlew.pl\/index.php\/wp-json\/wp\/v2\/pages\/47\/revisions"}],"predecessor-version":[{"id":720,"href":"https:\/\/www.ecosynergy.godlew.pl\/index.php\/wp-json\/wp\/v2\/pages\/47\/revisions\/720"}],"wp:attachment":[{"href":"https:\/\/www.ecosynergy.godlew.pl\/index.php\/wp-json\/wp\/v2\/media?parent=47"}],"curies":[{"name":"wp","href":"https:\/\/api.w.org\/{rel}","templated":true}]}}