{"id":11,"date":"2020-03-15T10:44:29","date_gmt":"2020-03-15T10:44:29","guid":{"rendered":"http:\/\/www.ecosynergy.godlew.pl\/?page_id=11"},"modified":"2025-03-03T17:03:04","modified_gmt":"2025-03-03T17:03:04","slug":"uslugi","status":"publish","type":"page","link":"https:\/\/www.ecosynergy.godlew.pl\/index.php\/uslugi\/","title":{"rendered":"Realizacje"},"content":{"rendered":"\t\t<div data-elementor-type=\"wp-page\" data-elementor-id=\"11\" class=\"elementor elementor-11\">\n\t\t\t\t\t\t<div class=\"elementor-inner\">\n\t\t\t\t<div class=\"elementor-section-wrap\">\n\t\t\t\t\t\t\t\t\t<section class=\"elementor-section elementor-top-section elementor-element elementor-element-5634daa2 elementor-section-stretched elementor-section-boxed elementor-section-height-default elementor-section-height-default\" data-id=\"5634daa2\" data-element_type=\"section\" data-settings=\"{&quot;stretch_section&quot;:&quot;section-stretched&quot;}\">\n\t\t\t\t\t\t<div class=\"elementor-container elementor-column-gap-default\">\n\t\t\t\t\t\t\t<div class=\"elementor-row\">\n\t\t\t\t\t<div class=\"elementor-column elementor-col-100 elementor-top-column elementor-element elementor-element-606a59a2\" data-id=\"606a59a2\" data-element_type=\"column\">\n\t\t\t<div class=\"elementor-column-wrap elementor-element-populated\">\n\t\t\t\t\t\t\t<div class=\"elementor-widget-wrap\">\n\t\t\t\t\t\t<div class=\"elementor-element elementor-element-3c116cd5 elementor-widget elementor-widget-text-editor\" data-id=\"3c116cd5\" data-element_type=\"widget\" data-widget_type=\"text-editor.default\">\n\t\t\t\t<div class=\"elementor-widget-container\">\n\t\t\t\t\t\t\t\t<div class=\"elementor-text-editor elementor-clearfix\">\n\t\t\t\t<!-- wp:nextend\/smartslider3 {\"slider\":\"1\"} -->\n<div class=\"wp-block-nextend-smartslider3\"><\/div>\n<!-- \/wp:nextend\/smartslider3 -->\t\t\t\t\t<\/div>\n\t\t\t\t\t\t<\/div>\n\t\t\t\t<\/div>\n\t\t\t\t\t\t<\/div>\n\t\t\t\t\t<\/div>\n\t\t<\/div>\n\t\t\t\t\t\t\t\t<\/div>\n\t\t\t\t\t<\/div>\n\t\t<\/section>\n\t\t\t\t<section class=\"elementor-section elementor-top-section elementor-element elementor-element-778de14 elementor-section-stretched elementor-section-content-middle elementor-section-boxed elementor-section-height-default elementor-section-height-default\" data-id=\"778de14\" data-element_type=\"section\" data-settings=\"{&quot;stretch_section&quot;:&quot;section-stretched&quot;}\">\n\t\t\t\t\t\t<div class=\"elementor-container elementor-column-gap-default\">\n\t\t\t\t\t\t\t<div class=\"elementor-row\">\n\t\t\t\t\t<div class=\"elementor-column elementor-col-66 elementor-top-column elementor-element elementor-element-7b2a3b0\" data-id=\"7b2a3b0\" data-element_type=\"column\">\n\t\t\t<div class=\"elementor-column-wrap elementor-element-populated\">\n\t\t\t\t\t\t\t<div class=\"elementor-widget-wrap\">\n\t\t\t\t\t\t\t\t<\/div>\n\t\t\t\t\t<\/div>\n\t\t<\/div>\n\t\t\t\t<div class=\"elementor-column elementor-col-33 elementor-top-column elementor-element elementor-element-a47d36d\" data-id=\"a47d36d\" data-element_type=\"column\">\n\t\t\t<div class=\"elementor-column-wrap elementor-element-populated\">\n\t\t\t\t\t\t\t<div class=\"elementor-widget-wrap\">\n\t\t\t\t\t\t<div class=\"elementor-element elementor-element-8d21647 elementor-widget elementor-widget-text-editor\" data-id=\"8d21647\" data-element_type=\"widget\" data-widget_type=\"text-editor.default\">\n\t\t\t\t<div class=\"elementor-widget-container\">\n\t\t\t\t\t\t\t\t<div class=\"elementor-text-editor elementor-clearfix\">\n\t\t\t\t<p><span style=\"font-family: 'trebuchet ms', geneva;\"><b>Dok\u0142adamy wszelkich stara\u0144, aby nasza oferta by\u0142a dostosowana do indywidualnych potrzeb klienta, poniewa\u017c jednym z kluczowych cel\u00f3w naszej firmy jest Twoja satysfakcja.<\/b><\/span><\/p>\n<p><span style=\"font-family: 'trebuchet ms', geneva;\"><b>Dajemy z siebie wszystko, aby m\u00f3c zaoferowa\u0107 wysok\u0105 jako\u015b\u0107 w jak najprzyst\u0119pniejszej cenie, nie trac\u0105c przy tym na jako\u015bci u\u017cywanych przez nas podzespo\u0142\u00f3w i produkt\u00f3w oraz niezawodno\u015bci us\u0142ug, kt\u00f3re oferujemy.<\/b><\/span><\/p>\n<p>\u00a0<\/p>\t\t\t\t\t<\/div>\n\t\t\t\t\t\t<\/div>\n\t\t\t\t<\/div>\n\t\t\t\t\t\t<\/div>\n\t\t\t\t\t<\/div>\n\t\t<\/div>\n\t\t\t\t\t\t\t\t<\/div>\n\t\t\t\t\t<\/div>\n\t\t<\/section>\n\t\t\t\t<section class=\"elementor-section elementor-top-section elementor-element elementor-element-2650c11 elementor-section-boxed elementor-section-height-default elementor-section-height-default\" data-id=\"2650c11\" data-element_type=\"section\">\n\t\t\t\t\t\t<div class=\"elementor-container elementor-column-gap-default\">\n\t\t\t\t\t\t\t<div class=\"elementor-row\">\n\t\t\t\t\t<div class=\"elementor-column elementor-col-100 elementor-top-column elementor-element elementor-element-cb24d7a\" data-id=\"cb24d7a\" data-element_type=\"column\">\n\t\t\t<div class=\"elementor-column-wrap elementor-element-populated\">\n\t\t\t\t\t\t\t<div class=\"elementor-widget-wrap\">\n\t\t\t\t\t\t\t\t<\/div>\n\t\t\t\t\t<\/div>\n\t\t<\/div>\n\t\t\t\t\t\t\t\t<\/div>\n\t\t\t\t\t<\/div>\n\t\t<\/section>\n\t\t\t\t<section class=\"elementor-section elementor-top-section elementor-element elementor-element-b6e1bb2 elementor-section-boxed elementor-section-height-default elementor-section-height-default\" data-id=\"b6e1bb2\" data-element_type=\"section\">\n\t\t\t\t\t\t<div class=\"elementor-container elementor-column-gap-default\">\n\t\t\t\t\t\t\t<div class=\"elementor-row\">\n\t\t\t\t\t<div class=\"elementor-column elementor-col-100 elementor-top-column elementor-element elementor-element-54aa3a1\" data-id=\"54aa3a1\" data-element_type=\"column\">\n\t\t\t<div class=\"elementor-column-wrap\">\n\t\t\t\t\t\t\t<div class=\"elementor-widget-wrap\">\n\t\t\t\t\t\t\t\t<\/div>\n\t\t\t\t\t<\/div>\n\t\t<\/div>\n\t\t\t\t\t\t\t\t<\/div>\n\t\t\t\t\t<\/div>\n\t\t<\/section>\n\t\t\t\t<section class=\"elementor-section elementor-top-section elementor-element elementor-element-c501065 elementor-section-boxed elementor-section-height-default elementor-section-height-default\" data-id=\"c501065\" data-element_type=\"section\">\n\t\t\t\t\t\t<div class=\"elementor-container elementor-column-gap-default\">\n\t\t\t\t\t\t\t<div class=\"elementor-row\">\n\t\t\t\t\t<div class=\"elementor-column elementor-col-50 elementor-top-column elementor-element elementor-element-fe249de\" data-id=\"fe249de\" data-element_type=\"column\">\n\t\t\t<div class=\"elementor-column-wrap elementor-element-populated\">\n\t\t\t\t\t\t\t<div class=\"elementor-widget-wrap\">\n\t\t\t\t\t\t<div class=\"elementor-element elementor-element-c020ada elementor-widget elementor-widget-image\" data-id=\"c020ada\" data-element_type=\"widget\" data-widget_type=\"image.default\">\n\t\t\t\t<div class=\"elementor-widget-container\">\n\t\t\t\t\t\t\t\t<div class=\"elementor-image\">\n\t\t\t\t\t\t\t\t\t\t\t\t<img width=\"712\" height=\"328\" src=\"https:\/\/www.ecosynergy.godlew.pl\/wp-content\/uploads\/2022\/05\/ladowarki-Elzab.png\" class=\"attachment-large size-large\" alt=\"\" loading=\"lazy\" srcset=\"https:\/\/www.ecosynergy.godlew.pl\/wp-content\/uploads\/2022\/05\/ladowarki-Elzab.png 712w, https:\/\/www.ecosynergy.godlew.pl\/wp-content\/uploads\/2022\/05\/ladowarki-Elzab-300x138.png 300w, https:\/\/www.ecosynergy.godlew.pl\/wp-content\/uploads\/2022\/05\/ladowarki-Elzab-150x69.png 150w, https:\/\/www.ecosynergy.godlew.pl\/wp-content\/uploads\/2022\/05\/ladowarki-Elzab-250x115.png 250w\" sizes=\"(max-width: 712px) 100vw, 712px\" \/>\t\t\t\t\t\t\t\t\t\t\t\t\t\t<\/div>\n\t\t\t\t\t\t<\/div>\n\t\t\t\t<\/div>\n\t\t\t\t<div class=\"elementor-element elementor-element-9c9db9a elementor-widget elementor-widget-text-editor\" data-id=\"9c9db9a\" data-element_type=\"widget\" data-widget_type=\"text-editor.default\">\n\t\t\t\t<div class=\"elementor-widget-container\">\n\t\t\t\t\t\t\t\t<div class=\"elementor-text-editor elementor-clearfix\">\n\t\t\t\t<p>Jeste\u015bmy autoryzowanym dystrybutorem oraz instalatorem i serwisem \u0142adowarek samochodowych marki&nbsp;<span style=\"font-weight: 700;\">ELZAB<\/span>, ponadto zajmujemy si\u0119 tak\u017ce wszystkimi znanymi markami \u0142adowarek samochodowych.<\/p>\t\t\t\t\t<\/div>\n\t\t\t\t\t\t<\/div>\n\t\t\t\t<\/div>\n\t\t\t\t\t\t<\/div>\n\t\t\t\t\t<\/div>\n\t\t<\/div>\n\t\t\t\t<div class=\"elementor-column elementor-col-50 elementor-top-column elementor-element elementor-element-f0ccff9\" data-id=\"f0ccff9\" data-element_type=\"column\">\n\t\t\t<div class=\"elementor-column-wrap elementor-element-populated\">\n\t\t\t\t\t\t\t<div class=\"elementor-widget-wrap\">\n\t\t\t\t\t\t<div class=\"elementor-element elementor-element-1bd2937 elementor-widget elementor-widget-image\" data-id=\"1bd2937\" data-element_type=\"widget\" data-widget_type=\"image.default\">\n\t\t\t\t<div class=\"elementor-widget-container\">\n\t\t\t\t\t\t\t\t<div class=\"elementor-image\">\n\t\t\t\t\t\t\t\t\t\t\t\t<img width=\"723\" height=\"1024\" src=\"https:\/\/www.ecosynergy.godlew.pl\/wp-content\/uploads\/2025\/03\/elzab-certyfikatjpg-723x1024.jpg\" class=\"attachment-large size-large\" alt=\"\" loading=\"lazy\" srcset=\"https:\/\/www.ecosynergy.godlew.pl\/wp-content\/uploads\/2025\/03\/elzab-certyfikatjpg-723x1024.jpg 723w, https:\/\/www.ecosynergy.godlew.pl\/wp-content\/uploads\/2025\/03\/elzab-certyfikatjpg-212x300.jpg 212w, https:\/\/www.ecosynergy.godlew.pl\/wp-content\/uploads\/2025\/03\/elzab-certyfikatjpg-768x1088.jpg 768w, https:\/\/www.ecosynergy.godlew.pl\/wp-content\/uploads\/2025\/03\/elzab-certyfikatjpg-1084x1536.jpg 1084w, https:\/\/www.ecosynergy.godlew.pl\/wp-content\/uploads\/2025\/03\/elzab-certyfikatjpg-106x150.jpg 106w, https:\/\/www.ecosynergy.godlew.pl\/wp-content\/uploads\/2025\/03\/elzab-certyfikatjpg.jpg 1445w\" sizes=\"(max-width: 723px) 100vw, 723px\" \/>\t\t\t\t\t\t\t\t\t\t\t\t\t\t<\/div>\n\t\t\t\t\t\t<\/div>\n\t\t\t\t<\/div>\n\t\t\t\t\t\t<\/div>\n\t\t\t\t\t<\/div>\n\t\t<\/div>\n\t\t\t\t\t\t\t\t<\/div>\n\t\t\t\t\t<\/div>\n\t\t<\/section>\n\t\t\t\t\t\t\t\t\t<\/div>\n\t\t\t<\/div>\n\t\t\t\t\t<\/div>\n\t\t","protected":false},"excerpt":{"rendered":"<p>Dok\u0142adamy wszelkich stara\u0144, aby nasza oferta by\u0142a dostosowana do indywidualnych potrzeb klienta, poniewa\u017c jednym z kluczowych cel\u00f3w naszej firmy jest Twoja satysfakcja. Dajemy z siebie wszystko, aby m\u00f3c zaoferowa\u0107 wysok\u0105 jako\u015b\u0107 w jak najprzyst\u0119pniejszej cenie, nie trac\u0105c przy tym na jako\u015bci u\u017cywanych przez nas podzespo\u0142\u00f3w i produkt\u00f3w oraz niezawodno\u015bci us\u0142ug,&#8230; <a class=\"continue-reading-link\" href=\"https:\/\/www.ecosynergy.godlew.pl\/index.php\/uslugi\/\"> Continue reading <span class=\"meta-nav\">&rarr; <\/span><\/a><\/p>\n","protected":false},"author":1,"featured_media":0,"parent":0,"menu_order":0,"comment_status":"closed","ping_status":"closed","template":"","meta":{"_bbp_topic_count":0,"_bbp_reply_count":0,"_bbp_total_topic_count":0,"_bbp_total_reply_count":0,"_bbp_voice_count":0,"_bbp_anonymous_reply_count":0,"_bbp_topic_count_hidden":0,"_bbp_reply_count_hidden":0,"_bbp_forum_subforum_count":0},"_links":{"self":[{"href":"https:\/\/www.ecosynergy.godlew.pl\/index.php\/wp-json\/wp\/v2\/pages\/11"}],"collection":[{"href":"https:\/\/www.ecosynergy.godlew.pl\/index.php\/wp-json\/wp\/v2\/pages"}],"about":[{"href":"https:\/\/www.ecosynergy.godlew.pl\/index.php\/wp-json\/wp\/v2\/types\/page"}],"author":[{"embeddable":true,"href":"https:\/\/www.ecosynergy.godlew.pl\/index.php\/wp-json\/wp\/v2\/users\/1"}],"replies":[{"embeddable":true,"href":"https:\/\/www.ecosynergy.godlew.pl\/index.php\/wp-json\/wp\/v2\/comments?post=11"}],"version-history":[{"count":53,"href":"https:\/\/www.ecosynergy.godlew.pl\/index.php\/wp-json\/wp\/v2\/pages\/11\/revisions"}],"predecessor-version":[{"id":528,"href":"https:\/\/www.ecosynergy.godlew.pl\/index.php\/wp-json\/wp\/v2\/pages\/11\/revisions\/528"}],"wp:attachment":[{"href":"https:\/\/www.ecosynergy.godlew.pl\/index.php\/wp-json\/wp\/v2\/media?parent=11"}],"curies":[{"name":"wp","href":"https:\/\/api.w.org\/{rel}","templated":true}]}}